{"id":149,"date":"2015-07-16T06:05:21","date_gmt":"2015-07-16T08:05:21","guid":{"rendered":"http:\/\/new.vilniausmaratonas.lt\/naujienos"},"modified":"2022-09-04T21:15:28","modified_gmt":"2022-09-04T18:15:28","slug":"naujienos","status":"publish","type":"page","link":"https:\/\/www.vilniausmaratonas.lt\/en\/istorija\/naujienos\/","title":{"rendered":"NEWS"},"content":{"rendered":"<p><strong>Po pandemijos \u017emon\u0117s aktyviau imasi savanoryst\u0117s \u2013 nori pad\u0117ti ir pab\u016bti drauge <\/strong><\/p>\n<p>&nbsp;<\/p>\n<p><strong>Jau rugs\u0117jo 12 d. \u012f Vilniaus gatves gr\u012f\u017eta did\u017eiausia \u0161alies b\u0117gimo \u0161vent\u0117 \u2013 \u201eRimi Vilniaus maratonas\u201c. Savo istorij\u0105 prad\u0117j\u0119s dar 2004-aisiais, \u0161iemet \u012f Lietuvos sostin\u0119 dalyvius ir savanorius renginys kvies jau 18-\u0105j\u012f kart\u0105. Anot \u201eRimi Vilniaus maratono\u201c savanori\u0173 koordinator\u0117s Viktorijos Matulevi\u010di\u016bt\u0117s, po pandemijos b\u0117gimo renginiai gerokai pasikeit\u0117 ir nors atsirado daugiau saugumo reikalavim\u0173 ir baimi\u0173, ta\u010diau tuo pa\u010diu \u2013 daugiau noro pab\u016bti drauge. \u017dmon\u0117s prisimin\u0117 savanoryst\u0119, atgijo stipresnis noras pad\u0117ti kitiems b\u016bti sveikesniems, tad prie b\u016bsimo renginio savanori\u0173 koordinator\u0117 kvie\u010dia prisijungti visus norin\u010dius ir tikisi, kad \u0161iemet savanori\u0173 b\u016brys bus dar gausesnis. <\/strong><\/p>\n<p><strong>\u00a0<\/strong><\/p>\n<p><strong>I\u0161skirtinis d\u0117mesys saugumui<\/strong><\/p>\n<p><strong>\u00a0<\/strong><\/p>\n<p>Kasmet prie \u201eRimi Vilniaus maratono\u201c savanori\u0173 b\u016brio prisijungia per 300 \u017emoni\u0173. Anot maratono savanori\u0173 koordinator\u0117s Viktorijos Matulevi\u010di\u016bt\u0117s, savanoriai kvie\u010diami prisijungti \u012f septynias skirtingas sritis: registracijos ir dalyvi\u0173 numer\u0117li\u0173 i\u0161davimo punkt\u0105, r\u016bbin\u0119, vandens stoteles, medicinin\u0117s pagalbos komand\u0105, vaik\u0173 b\u0117gim\u0105, trasos saugumo ir fini\u0161o zonas.<\/p>\n<p>&nbsp;<\/p>\n<p>Anot V. Matulevi\u010di\u016bt\u0117s, pandemijos laikotarpis daugel\u012f paskatino ie\u0161koti nauj\u0173 veikl\u0173, \u017emon\u0117s i\u0161siilgo bendravimo ir galimyb\u0117s pab\u016bti kartu, tod\u0117l prie savanori\u0173 komandos prisijungti norin\u010di\u0173 savanori\u0173 \u0161iemet i\u0161ties netr\u016bksta: \u201eTurime ir nema\u017eai senbuvi\u0173, kurie jau ne vienerius metus gr\u012f\u017et\u0105 savanoriauti \u012f maraton\u0105. Smagu, kad dalis m\u016bs\u0173 savanori\u0173 pereina \u012f auk\u0161tesnes pozicijas \u2013 tampa skirting\u0173 sri\u010di\u0173 koordinatoriais. D\u017eiaugiuosi, kad turime stipri\u0105 komand\u0105, kuri atiduoda visas j\u0117gas ir stengiasi, kad renginys praeit\u0173 skland\u017eiai ir visi b\u0117gikai b\u016bt\u0173 patenkinti.\u201c<\/p>\n<p>&nbsp;<\/p>\n<p>\u0160iai metais \u201eRimi Vilniaus maratonas\u201c skirs didel\u012f d\u0117mes\u012f saugumui, \u012f renginio teritorij\u0105 gal\u0117s pateikti tik galimybi\u0173 pasus turinys dalyviai. \u201eSiekdami u\u017etikrinti saugumo reikalavimus m\u016bs\u0173 registracijos savanoriai renginio dien\u0105 tikrins ne tik asmens dokumentus, bet ir dalyvi\u0173 galimybi\u0173 pasus. Prie \u012f\u0117jim\u0173 \u012f renginio teritorij\u0105 taip pat bud\u0117s papildomi savanoriai, kurie tikrins galimybi\u0173 pasus ir u\u017etikrins, kad \u012f renginio teritorij\u0105 pateks tik dalyvi\u0173 numer\u0117lius turinys b\u0117gikai. Be to, skirsime didel\u012f d\u0117mes\u012f higienos reikalavim\u0173 u\u017etikrinimui ir dezinfekavimui, m\u016bs\u0173 savanoriai d\u0117v\u0117s apsaugines veido kaukes\u201c, \u2013 pasakoja V. Matulevi\u010di\u016bt\u0117.<\/p>\n<p>&nbsp;<\/p>\n<p><strong>Maratone savanoriauja kartu su \u0161eima<\/strong><\/p>\n<p>&nbsp;<\/p>\n<p>Jau ketverius metus r\u016bbin\u0117s savanori\u0173 komand\u0105 koordinuojanti Kristina Burakovait\u0117 pasakoja, kad savo keli\u0105 \u201eRimi Vilniaus maratone\u201c prad\u0117jo nuo r\u016bbin\u0117s savanor\u0117s pozicij\u0173. Ji teigia, jog savanoryst\u0117 teikia didel\u012f d\u017eiaugsm\u0105 ir galimyb\u0119 atskleisti save.<\/p>\n<p>&nbsp;<\/p>\n<p>\u201eSavanoryst\u0117 man yra b\u016bdas atsikv\u0117pti. Nors darbo koordinuojant gausi\u0105 r\u016bbin\u0117s savanori\u0173 komand\u0105 yra daug, man patinka, kad kartu esame kaip ma\u017ea \u0161eima, kuri siekia bendr\u0173 tiksl\u0173, jog renginys praeit\u0173 kuo skland\u017eiau. D\u017eiaugiuosi, kad savanoryst\u0117 prisideda prie ka\u017ekieno geresn\u0117s dienos. Man smagu kasmet matyti tuos pa\u010dius b\u0117gikus, kurie pasako, kad prisimena mane ir pad\u0117koja. Tie ma\u017ei \u201ea\u010di\u016b\u201c ir yra vienas geriausi\u0173 savanoryst\u0117s \u012fvertinim\u0173. Kita vertus \u2013 savanoryst\u0117 man suteik\u0117 ir daugiau pasitik\u0117jimo savimi, pad\u0117jo \u012fveikti tam tikras baimes. Pavyzd\u017eiui, anks\u010diau a\u0161 labai bijodavau kalb\u0117ti su nepa\u017e\u012fstamais \u017emon\u0117mis, o dabar visi\u0161kai nebijau prieiti prie nepa\u017e\u012fstamo \u017emogaus ar jo ka\u017eko paklausti\u201c, \u2013 pasakoja r\u016bbin\u0117s savanori\u0173 koordinator\u0117 K. Burakovait\u0117.<\/p>\n<p>&nbsp;<\/p>\n<p>Kasmet \u012f \u201eRimi Vilniaus maraton\u0105\u201c atvyksta ir Kristinos \u0161eimos nariai \u2013 kartu su ja savanoriauja brolis bei sesuo: \u201eLabai d\u017eiaugiuosi, kad galiu savanoriauti kartu su savo broliu ir sese, nes taip pamatome vieni kitus ne taip, kaip esame \u012fprat\u0119 namuose. Savanoryst\u0117s metu sustipr\u0117jo m\u016bs\u0173 ry\u0161ys, nes kartu siekiame bendr\u0173 tiksl\u0173 ir r\u016bpinam\u0117s vienas kitu.\u201c<\/p>\n<p>&nbsp;<\/p>\n<p><strong>Am\u017eius savanorystei \u2013 ne riba<\/strong><\/p>\n<p><strong>\u00a0<\/strong><\/p>\n<p>\u201eRimi Vilniaus maratono\u201c savanori\u0173 gretas jau ketvirtus metus i\u0161 eil\u0117s papildys Vilniaus miesto socialin\u0117s paramos senjor\u0173 dienos centro \u201eAtgaiva\u201c nariai. Anot senjor\u0173 dienos centro socialin\u0117s darbuotojos Ivonos Godvod, vyresnio am\u017eiaus \u017emon\u0117s d\u017eiaugiasi \u0161ia iniciatyva ir galimybe pa\u012fvairinti savo kasdienyb\u0119, turiningai praleisti laisvalaik\u012f bei jaustis aktyviais visuomen\u0117s nariais.<\/p>\n<p>&nbsp;<\/p>\n<p>\u201ePasteb\u0117jome, kad \u012f savanori\u0161k\u0105 veikl\u0105 da\u017eniausiai \u012fsitraukia jaunimas, ta\u010diau mes pasisakome u\u017e bendradarbiavim\u0105 tarp skirting\u0173 kart\u0173. Taip kilo mintis pasi\u016blyti senjorams savanoryst\u0119 \u201eRimi Vilniaus maratone\u201c. D\u017eiaugiam\u0117s, kad \u0161iemet jau ketvirt\u0105 kart\u0105 m\u016bs\u0173 senjorai darbuosis vandens stotel\u0117se. Turime atskir\u0105 punkt\u0105, kuriame vanden\u012f b\u0117gikams dalina apie 10 m\u016bs\u0173 dienos centro senjor\u0173 ir darbuotoj\u0173. Savanoryst\u0117 padeda vyresnio am\u017eiaus \u017emon\u0117ms pasijausti aktyviais ir reikalingais, \u012ftraukia juos, sukelia daugyb\u0119 teigiam\u0173 emocij\u0173 ir leid\u017eia dalintis savo gerumu ir laiku su kitais. Tod\u0117l norisi paskatinti kuo daugiau senjor\u0173 atrasti savanoryst\u0119\u201c, \u2013 teigia I. Godvod.<\/p>\n<p>&nbsp;<\/p>\n<p>Anot jos, daliai savanoriauti ateinan\u010di\u0173 senjor\u0173 tai jau tapo kasmetine tradicija: \u201eTurime kelet\u0105 savanori\u0173, kurie savanoriauja kiekvienais metais, o prie senjor\u0173 taip pat prisijungia ir m\u016bs\u0173 dienos centro darbuotojai, tod\u0117l tai tapo gra\u017eia tradicija ir laukiamu m\u016bs\u0173 renginiu. Esame pasiruo\u0161\u0119 art\u0117jan\u010diai b\u0117gimo \u0161ventei.\u201c<\/p>\n<p>&nbsp;<\/p>\n<p><strong>Nebeskai\u010diuoja laiko savanorystei <\/strong><\/p>\n<p><strong>\u00a0<\/strong><\/p>\n<p>\u201eRimi Vilniaus maratono\u201c medicinin\u0117s pagalbos savanori\u0173 koordinatorius Laurynas Kanapeckas sako, kad tokio masto renginiuose medicinos sritis yra viena svarbiausi\u0173. Nors nenusp\u0117jamumas nuolat lydi medicinos savanori\u0173 komand\u0105, ta\u010diau jie yra pasiruo\u0161\u0119 profesionalai ir \u017eino, kaip elgtis i\u0161tikus bet kokiai situacijai ar nelaimei.<\/p>\n<p>&nbsp;<\/p>\n<p>\u201eNors adrenalino mums netr\u016bksta, ta\u010diau visi m\u016bs\u0173 savanoriai turi medicinin\u012f i\u0161silavinim\u0105 arba jo siekia, turi pradinio gaivinimo \u017eini\u0173, greitai reaguoja ir supranta, kokius veiksmus pirmiausia reik\u0117t\u0173 atlikti i\u0161tikus nelaimei. Medicinos savanori\u0173 komand\u0105 da\u017eniausiai sudaro apie 40-50 savanori\u0173. Dalis j\u0173 dirba specialiuose punktuose, o kiti \u2013 su dvira\u010diais lydi b\u0117gikus trasoje. Stengiam\u0117s, kad trasoje dalyvius lydintys savanoriai tur\u0117t\u0173 auk\u0161\u010diausi\u0105 kvalifikacij\u0105, esame mobil\u016bs ir palaikome ry\u0161\u012f su greit\u0105j\u0105 pagalba, tod\u0117l galime grei\u010diausiai sureaguoti \u012f \u012fvairias situacijas\u201c, \u2013 pasakoja medicinos savanori\u0173 koordinatorius.<\/p>\n<p>&nbsp;<\/p>\n<p>Daugiau nei penkerius metus medicinos pagalbos savanorius koordinuojantis L. Kanapeckas teigia, kad savanorystei skirto laiko jau seniai nebeskai\u010diuoja: \u201eKiekvienais metais pagalvoju d\u0117l ko tai darau, bet man norisi \u012f savo karmos ta\u0161k\u0173 d\u0117\u017eut\u0119 prid\u0117ti toki\u0173 veikl\u0173, kurias darau ne d\u0117l atlygio, o d\u0117l kit\u0173 \u017emoni\u0173. Pasaulin\u0117 patirtis rodo, kad tokio masto renginiuose savanoriauja profesional\u016bs medikai ir tai jiems atne\u0161a didel\u0119 vidin\u0119 naud\u0105. A\u0161 esu vienas toki\u0173, tod\u0117l nebeskai\u010diuoju laiko ir j\u0117g\u0173, kurias atiduodu savanorystei.\u201c<\/p>\n<p>&nbsp;<\/p>\n<p>\u201eRimi Vilniaus maratonas\u201c kvie\u010dia registruotis savanorius ir kartu prisid\u0117ti prie did\u017eiausios b\u0117gimo \u0161vent\u0117s \u012fgyvendinimo Lietuvoje. Prie savanori\u0173 komandos prisijungti gali asmenys nuo 14 met\u0173 (nepilname\u010diams b\u016btinas t\u0117v\u0173 arba glob\u0117j\u0173 sutikimas). Registruotis galima \u010dia.<\/p>\n<p>&nbsp;<\/p>\n<p><em>\u0160iemet \u201eRimi Vilniaus maratono&#8221; pavadinimu startuojantis renginys yra did\u017eiausia Lietuvoje b\u0117gimo \u0161vent\u0117, kurioje nuo jos atsiradimo 2012 m. jau dalyvavo daugiau nei 100 000 b\u0117gik\u0173. Per devynerius veiklos metus jis paskatino daugel\u012f \u017emoni\u0173 pam\u0117gti fizin\u012f aktyvum\u0105 bei reik\u0161mingai prisid\u0117jo kei\u010diant visuomen\u0117s po\u017ei\u016br\u012f \u012f sveik\u0105 gyvensen\u0105. Tai nuosekliai sutampa su maratono generalinio r\u0117m\u0117jo \u2013 ma\u017emenin\u0117s prekybos tinklo \u201eRimi&#8221; siekiu populiarinti sveik\u0105 gyvensen\u0105 ir jud\u0117jim\u0105, kuris ypa\u010d aktualus ir t\u0119siantis pandemijai. \u201eRimi Vilniaus maratonas&#8221; vyks grie\u017etai laikantis rekomendacij\u0173 ir apribojim\u0173 renginiams, jame daug d\u0117mesio bus skiriama b\u0117gik\u0173 ir sirgali\u0173 saugumui u\u017etikrinti.<\/em><\/p>","protected":false},"excerpt":{"rendered":"<p>Po pandemijos \u017emon\u0117s aktyviau imasi savanoryst\u0117s \u2013 nori pad\u0117ti ir pab\u016bti drauge &nbsp; Jau rugs\u0117jo 12 d. \u012f Vilniaus gatves <a class=\"read-more\" href=\"https:\/\/www.vilniausmaratonas.lt\/en\/istorija\/naujienos\/\">&#8230;<\/a><\/p>\n","protected":false},"author":30,"featured_media":0,"parent":529,"menu_order":0,"comment_status":"open","ping_status":"open","template":"","meta":{"_themeisle_gutenberg_block_has_review":false,"footnotes":""},"class_list":["post-149","page","type-page","status-publish","hentry"],"_links":{"self":[{"href":"https:\/\/www.vilniausmaratonas.lt\/en\/wp-json\/wp\/v2\/pages\/149","targetHints":{"allow":["GET"]}}],"collection":[{"href":"https:\/\/www.vilniausmaratonas.lt\/en\/wp-json\/wp\/v2\/pages"}],"about":[{"href":"https:\/\/www.vilniausmaratonas.lt\/en\/wp-json\/wp\/v2\/types\/page"}],"author":[{"embeddable":true,"href":"https:\/\/www.vilniausmaratonas.lt\/en\/wp-json\/wp\/v2\/users\/30"}],"replies":[{"embeddable":true,"href":"https:\/\/www.vilniausmaratonas.lt\/en\/wp-json\/wp\/v2\/comments?post=149"}],"version-history":[{"count":12,"href":"https:\/\/www.vilniausmaratonas.lt\/en\/wp-json\/wp\/v2\/pages\/149\/revisions"}],"predecessor-version":[{"id":164533,"href":"https:\/\/www.vilniausmaratonas.lt\/en\/wp-json\/wp\/v2\/pages\/149\/revisions\/164533"}],"up":[{"embeddable":true,"href":"https:\/\/www.vilniausmaratonas.lt\/en\/wp-json\/wp\/v2\/pages\/529"}],"wp:attachment":[{"href":"https:\/\/www.vilniausmaratonas.lt\/en\/wp-json\/wp\/v2\/media?parent=149"}],"curies":[{"name":"wp","href":"https:\/\/api.w.org\/{rel}","templated":true}]}}