{"id":332,"date":"2015-07-29T02:25:32","date_gmt":"2015-07-29T04:25:32","guid":{"rendered":"http:\/\/new.vilniausmaratonas.lt\/tarptautinio-vilniaus-maratono-istorija"},"modified":"2024-12-12T15:56:20","modified_gmt":"2024-12-12T12:56:20","slug":"tarptautinio-vilniaus-maratono-istorija","status":"publish","type":"page","link":"https:\/\/www.vilniausmaratonas.lt\/en\/tarptautinio-vilniaus-maratono-istorija\/","title":{"rendered":"About Vilnius Marathon"},"content":{"rendered":"<p><\/p>\n<div class=\"ipWidget ipPreviewWidget ipWidget-IpRichText ipLayout-default\">\n<p>The\u00a0 Vilnius Marathon is an annual city marathon, held in Vilnius, Lithuania. First introduced in 2001 as 10k race it evolved to a classic marathon in 2004. The half marathon was introduced in 2006.<\/p>\n<p>The Vilnius Marathon is AIMS certified since 2007. It&#8217;s one of the fastest growing marathons in the Baltics and the biggest running festival in Lithuania. It doubled the number of participants in 2012 and 2013 from over 5000 runners to 10 000 runners. In 2019 the marathon counted over 11 000 participants.<\/p>\n<p>Vilnius city itself is a center of attraction for the runners from all over the world \u2013 the old-town of the city is included in the UNESCO World Heritage List. The city preserved an impressive complex of Gothic, Renaissance, Baroque and classical buildings as well as its medieval layout and natural setting.<\/p>\n<p>The course will start and finish at the Cathedral Square in the very heart of Vilnius. While running, the participants will admire the famous old town as well as green parks and the riverbank of Neris.<\/p>\n<h2>A bit of history<\/h2>\n<p>The very first Vilnius Marathon was launched in 1990. With a few pauses and difficulties, it reached \u00a02001, when the Lithuanian Athletic Federation organised the first mass run <strong>Maxima Cup<\/strong>, which became the predecessor of the Vilnius Marathon.<\/p>\n<p>In 2004 Vilnius Marathon debuted as a feast for runners and the people of Vilnius. The event was positively met by Vilnius City Municipality, which saw it as a way to foster a healthy lifestyle, add a new festival to the city&#8217;s calendar of events and put Vilnius on the global map of acknowledged marathon cities.<\/p>\n<p>The distance of 42 km 195 metres was first conquered by runners in Vilnius on September 11, 2004. This day opened a new page in the history of Vilnius as a\u00a0little over 200 professional and non-professional runners from 10 countries around the world joined the event.<\/p>\n<p>In 2006 the Half Marathon distance was added to the programme.<\/p>\n<p>Vilnius Marathon became a member of AIMS in 2007.<\/p>\n<p>In 2019 new running course was created to include the most beautiful and distinctive places in Vilnius: the marathon distance cover as many as 24.5 new kilometers through the most wonderful streets of Vilnius that were not included before.<\/p>\n<\/div>\n<div class=\"ipWidget ipPreviewWidget ipWidget-IpRichText ipLayout-default\">\n<p><strong>Race Course Record<\/strong><\/p>\n<p>The Vilnius marathon\u00a0course record of 2:19:49 was set by Dmitrijs Serjogins from Latvia in 2020. The woman&#8217;s record\u00a0of\u00a02:43:13 was set by\u00a0Vaida \u017d\u016bsinait\u0117 of Lithuania during the 2014 Vilnius marathon.<\/p>\n<\/div>\n<h2>WINNERS OF &#8220;VILNIUS MARATHON&#8221;<\/h2>\n<table class=\"prizininkai\" border=\"1\" cellspacing=\"0\" cellpadding=\"0\">\n<tbody>\n<tr>\n<td style=\"text-align: center;\" rowspan=\"2\" width=\"51\"><strong>Year<\/strong><\/td>\n<td style=\"text-align: center;\" rowspan=\"2\" width=\"78\"><strong>Race course<\/strong><\/td>\n<td style=\"text-align: center;\" colspan=\"6\" width=\"493\"><strong>Place<\/strong><\/td>\n<\/tr>\n<tr>\n<td style=\"text-align: center;\" width=\"104\"><strong>1st<\/strong><\/td>\n<td style=\"text-align: center;\" width=\"63\"><strong>Time<\/strong><\/td>\n<td style=\"text-align: center;\" width=\"97\"><strong>2nd<\/strong><\/td>\n<td style=\"text-align: center;\" width=\"63\"><strong>Time<\/strong><\/td>\n<td style=\"text-align: center;\" width=\"103\"><strong>3rd<\/strong><\/td>\n<td style=\"text-align: center;\" width=\"63\"><strong>Time<\/strong><\/td>\n<\/tr>\n<tr>\n<td rowspan=\"4\" width=\"51\">2020<\/td>\n<td width=\"78\">Marathon (Men)<\/td>\n<td width=\"104\">Dmitrijs Serjogins<\/td>\n<td width=\"63\">2:19:49<\/td>\n<td width=\"97\">Andrius Jak\u0161evi\u010dius<\/td>\n<td width=\"63\">2:26:00<\/td>\n<td width=\"103\">Jonas Vytautas Gvildys<\/td>\n<td width=\"63\">2:27:07<\/td>\n<\/tr>\n<tr>\n<td width=\"78\">Marathon (Women)<\/td>\n<td width=\"104\">Diana Loba\u010devsk\u0117<\/td>\n<td width=\"63\">2:39:40<\/td>\n<td width=\"97\">Lina Kiriliuk<\/td>\n<td width=\"63\">2:51:25<\/td>\n<td width=\"103\">Gitana Akmanavi\u010di\u016bt\u0117<\/td>\n<td width=\"63\">2:58:00<\/td>\n<\/tr>\n<tr>\n<td width=\"78\">Half Marathon (Men)<\/td>\n<td width=\"104\">Remigijus Kan\u010dys<\/td>\n<td width=\"63\">1:05:47<\/td>\n<td width=\"97\">Ignas Brasevi\u010dius<\/td>\n<td width=\"63\">1:05:55<\/td>\n<td width=\"103\">Lukas Tarasevi\u010dius<\/td>\n<td width=\"63\">1:11:19<\/td>\n<\/tr>\n<tr>\n<td width=\"78\">Half Marathon (Women)<\/td>\n<td width=\"104\">Vaida \u017d\u016bsinait\u0117-Nekro\u0161ien\u0117<\/td>\n<td width=\"63\">1:15:58<\/td>\n<td width=\"97\">Loreta Kan\u010dyt\u0117<\/td>\n<td width=\"63\">1:16:16<\/td>\n<td width=\"103\">Viktorija Varnagiryt\u0117<\/td>\n<td width=\"63\">1:18:26<\/td>\n<\/tr>\n<tr>\n<td rowspan=\"4\" width=\"51\">2019<\/td>\n<td width=\"78\">Marathon (Men)<\/td>\n<td width=\"104\">Bogdan Semenovych<\/td>\n<td width=\"63\">2:22:02<\/td>\n<td width=\"97\">Andrius Jak\u0161evi\u010dius<\/td>\n<td width=\"63\">2:26:36<\/td>\n<td width=\"103\">Aurimas Rimkus<\/td>\n<td width=\"63\">2:30:17<\/td>\n<\/tr>\n<tr>\n<td width=\"78\">Marathon (Women)<\/td>\n<td width=\"104\">Nataliia Semenovych<\/td>\n<td width=\"63\">2:49:50<\/td>\n<td width=\"97\">Alena Shumik<\/td>\n<td width=\"63\">3:01:22<\/td>\n<td width=\"103\">Yuliya Skiruk<\/td>\n<td width=\"63\">3:05:56<\/td>\n<\/tr>\n<tr>\n<td width=\"78\">Half Marathon (Men)<\/td>\n<td width=\"104\">Dmitrijs Serjogins<\/td>\n<td width=\"63\">1:05:13<\/td>\n<td width=\"97\">Remigijus Kan\u010dys<\/td>\n<td width=\"63\">1:05:27<\/td>\n<td width=\"103\">Ignas Brasevi\u010dius<\/td>\n<td width=\"63\">1:05:58<\/td>\n<\/tr>\n<tr>\n<td width=\"78\">Half Marathon (Women)<\/td>\n<td width=\"104\">Loreta Kan\u010dyt\u0117<\/td>\n<td width=\"63\">1:15:31<\/td>\n<td width=\"97\">Diana Loba\u010devsk\u0117<\/td>\n<td width=\"63\">1:16:01<\/td>\n<td width=\"103\">Monika Bytautien\u0117<\/td>\n<td width=\"63\">1:16:34<\/td>\n<\/tr>\n<tr>\n<td rowspan=\"4\" width=\"51\">2018<\/td>\n<td width=\"78\">Marathon (Men)<\/td>\n<td width=\"104\">Bogdan Semenovych<\/td>\n<td width=\"63\">2:24:23<\/td>\n<td width=\"97\">Taras Salo<\/td>\n<td width=\"63\">2:25:14<\/td>\n<td width=\"103\">Dzmitry Hryhoryeu<\/td>\n<td width=\"63\">2:25:30<\/td>\n<\/tr>\n<tr>\n<td width=\"78\">Marathon (Women)<\/td>\n<td width=\"104\">Nataliia Semenovych<\/td>\n<td width=\"63\">2:47:56<\/td>\n<td width=\"97\">Lina Kiriliuk<\/td>\n<td width=\"63\">2:50:28<\/td>\n<td width=\"103\">Alena Shumik<\/td>\n<td width=\"63\">2:59:15<\/td>\n<\/tr>\n<tr>\n<td width=\"78\">Half Marathon (Men)<\/td>\n<td width=\"104\">Vaidas Dopolskas<\/td>\n<td width=\"63\">1:07:32<\/td>\n<td width=\"97\">Dmitrijs Serjogins<\/td>\n<td width=\"63\">1:08:30<\/td>\n<td width=\"103\">Lukas Tarasevi\u010dius<\/td>\n<td width=\"63\">1:12:12<\/td>\n<\/tr>\n<tr>\n<td width=\"78\">Half Marathon (Women)<\/td>\n<td width=\"104\">Oksana Raita<\/td>\n<td width=\"63\">1:17:22<\/td>\n<td width=\"97\">Loreta Kan\u010dyt\u0117<\/td>\n<td width=\"63\">1:18:08<\/td>\n<td width=\"103\">Remalda Kergyt\u0117-Dauskudien\u0117<\/td>\n<td width=\"63\">1:21:13<\/td>\n<\/tr>\n<tr>\n<td rowspan=\"4\" width=\"51\">2017<\/td>\n<td width=\"78\">Marathon (Men)<\/td>\n<td width=\"104\">Dzmitry Hryhoryeu<\/td>\n<td width=\"63\">2:26:58<\/td>\n<td width=\"97\">Vasily Leminskiy<\/td>\n<td width=\"63\">2:28:55<\/td>\n<td width=\"103\">Andrius Jaksevi\u010dius<\/td>\n<td width=\"63\">2:35:21<\/td>\n<\/tr>\n<tr>\n<td width=\"78\">Marathon (Women)<\/td>\n<td width=\"104\">Mariia Hudak<\/td>\n<td width=\"63\">2:48:58<\/td>\n<td width=\"97\">Elizaveta Pogudo<\/td>\n<td width=\"63\">2:52:26<\/td>\n<td width=\"103\">Alena Shumik<\/td>\n<td width=\"63\">3:02:42<\/td>\n<\/tr>\n<tr>\n<td width=\"78\">Half Marathon (Men)<\/td>\n<td width=\"104\">Remigijus Kan\u010dys<\/td>\n<td width=\"63\">1:08:10<\/td>\n<td width=\"97\">Ignas Brasevi\u010dius<\/td>\n<td width=\"63\">1:10:51<\/td>\n<td width=\"103\">Yury Vinogradov<\/td>\n<td width=\"63\">1:11:59<\/td>\n<\/tr>\n<tr>\n<td width=\"78\">Half Marathon (Women)<\/td>\n<td width=\"104\">Oksana Raita<\/td>\n<td width=\"63\">1:18:59<\/td>\n<td width=\"97\">Loreta Kan\u010dyt\u0117<\/td>\n<td width=\"63\">1:20:36<\/td>\n<td width=\"103\">Vaida \u017d\u016bsinait\u0117<\/td>\n<td width=\"63\">1:23:07<\/td>\n<\/tr>\n<tr>\n<td rowspan=\"4\" width=\"51\">2016<\/td>\n<td width=\"78\">Marathon (Men)<\/td>\n<td width=\"104\">Christopher Zablocki<\/td>\n<td width=\"63\">2:25:55<\/td>\n<td width=\"97\">Dzmitry Hryhoryeu<\/td>\n<td width=\"63\">2:26:09<\/td>\n<td width=\"103\">Vilius Aleli\u016bnas<\/td>\n<td width=\"63\">2:33:09<\/td>\n<\/tr>\n<tr>\n<td width=\"78\">Marathon (Women)<\/td>\n<td width=\"104\">Loreta Petkevi\u010dien\u0117<\/td>\n<td width=\"63\">3:02:31<\/td>\n<td width=\"97\">Alionka Kornijenko<\/td>\n<td width=\"63\">3:08:20<\/td>\n<td width=\"103\">Alena Shumik<\/td>\n<td width=\"63\">3:10:38<\/td>\n<\/tr>\n<tr>\n<td width=\"78\">Half Marathon (Men)<\/td>\n<td width=\"104\">Valdas Dopolskas<\/td>\n<td width=\"63\">1:07:40<\/td>\n<td width=\"97\">Art\u016bras Me\u0161ka<\/td>\n<td width=\"63\">1:14:29<\/td>\n<td width=\"103\">Jonas Vytautas Gvildys<\/td>\n<td width=\"63\">1:14:54<\/td>\n<\/tr>\n<tr>\n<td width=\"78\">Half Marathon (Women)<\/td>\n<td width=\"104\">Diana Loba\u010devsk\u0117<\/td>\n<td width=\"63\">1:14:57<\/td>\n<td width=\"97\">Milda Vil\u010dinskait\u0117<\/td>\n<td width=\"63\">1:17:08<\/td>\n<td width=\"103\">Lina Batulevi\u010di\u016bt\u0117<\/td>\n<td width=\"63\">1:26:01<\/td>\n<\/tr>\n<tr>\n<td rowspan=\"4\" width=\"51\">2015<\/td>\n<td width=\"78\">Marathon (Men)<\/td>\n<td width=\"104\">Teklu Getu Metaferia<\/td>\n<td width=\"63\">2:26:40<\/td>\n<td width=\"97\">Andrej Jegorov<\/td>\n<td width=\"63\">2:31:20<\/td>\n<td width=\"103\">Ruslanas Seitkalijevas<\/td>\n<td width=\"63\">2:35:56<\/td>\n<\/tr>\n<tr>\n<td width=\"78\">Marathon (Women)<\/td>\n<td width=\"104\">Loreta Bliujien\u0117<\/td>\n<td width=\"63\">3:06:08<\/td>\n<td width=\"97\">Alionka Kornijenko<\/td>\n<td width=\"63\">3:12:15<\/td>\n<td width=\"103\">Jolita Kurtinaitien\u0117<\/td>\n<td width=\"63\">3:13:15<\/td>\n<\/tr>\n<tr>\n<td width=\"78\">Half Marathon (Men)<\/td>\n<td width=\"104\">Valdas Dopolskas<\/td>\n<td width=\"63\">1:07:29<\/td>\n<td width=\"97\">Ignas Brasevi\u010dius<\/td>\n<td width=\"63\">1:07:57<\/td>\n<td width=\"103\">Dzmitry Hryhoryeu<\/td>\n<td width=\"63\">1:09:04<\/td>\n<\/tr>\n<tr>\n<td width=\"78\">Half Marathon (Women)<\/td>\n<td width=\"104\">Milda Vil\u010dinskait\u0117<\/td>\n<td width=\"63\">1:16:44<\/td>\n<td width=\"97\">Neringa Aidietyt\u0117<\/td>\n<td width=\"63\">1:18:16<\/td>\n<td width=\"103\">Monika Vil\u010dinskait\u0117<\/td>\n<td width=\"63\">1:19:23<\/td>\n<\/tr>\n<tr>\n<td rowspan=\"4\" width=\"51\">2014<\/td>\n<td width=\"78\">Marathon (Men)<\/td>\n<td width=\"104\">Remigijus Kan\u010dys<\/td>\n<td width=\"63\">2:23:41<\/td>\n<td width=\"97\">Artur Kern<\/td>\n<td width=\"63\">2:25:46<\/td>\n<td width=\"103\">Ignas Brasevi\u010dius<\/td>\n<td width=\"63\">2:30:51<\/td>\n<\/tr>\n<tr>\n<td width=\"78\">Marathon (Women)<\/td>\n<td width=\"104\">Vaida \u017d\u016bsinait\u0117<\/td>\n<td width=\"63\">2:43:13<\/td>\n<td width=\"97\">Nataliya Hryhoryeva<\/td>\n<td width=\"63\">2:59:33<\/td>\n<td width=\"103\">Aust\u0117ja Mie\u017eyt\u0117<\/td>\n<td width=\"63\">3:07:41<\/td>\n<\/tr>\n<tr>\n<td width=\"78\">Half Marathon (Men)<\/td>\n<td width=\"104\">Darius Sadeckas<\/td>\n<td width=\"63\">1:09:13<\/td>\n<td width=\"97\">Vilius Aleli\u016bnas<\/td>\n<td width=\"63\">1:12:14<\/td>\n<td width=\"103\">Serhii Popov<\/td>\n<td width=\"63\">1:12:45<\/td>\n<\/tr>\n<tr>\n<td width=\"78\">Half Marathon (Women)<\/td>\n<td width=\"104\">Rasa Drazdauskait\u0117<\/td>\n<td width=\"63\">1:17:29<\/td>\n<td width=\"97\">Milda Vil\u010dinskait\u0117<\/td>\n<td width=\"63\">1:20:57<\/td>\n<td width=\"103\">Monika Gotcaityt\u0117<\/td>\n<td width=\"63\">1:31:20<\/td>\n<\/tr>\n<tr>\n<td rowspan=\"4\" width=\"51\">2013<\/td>\n<td width=\"78\">Marathon (Men)<\/td>\n<td width=\"104\">Tomas Venck\u016bnas<\/td>\n<td width=\"63\">2:27:01<\/td>\n<td width=\"97\">Aurimas Skinulis<\/td>\n<td width=\"63\">2:29:17<\/td>\n<td width=\"103\">\u00a0Lukasz Panfil<\/td>\n<td width=\"63\">2:33:38<\/td>\n<\/tr>\n<tr>\n<td width=\"78\">Marathon (Women)<\/td>\n<td width=\"104\">Margrethe L\u00f8gavlen<\/td>\n<td width=\"63\">2:55:45<\/td>\n<td width=\"97\">Anastasia Bulavintceva<\/td>\n<td width=\"63\">3:10:26<\/td>\n<td width=\"103\">Renata Siliuk<\/td>\n<td width=\"63\">3:11:05<\/td>\n<\/tr>\n<tr>\n<td width=\"78\">Half Marathon (Men)<\/td>\n<td width=\"104\">Wachira Ibrahim Mukunga<\/td>\n<td width=\"63\">1:05:50<\/td>\n<td width=\"97\">Marius Dili\u016bnas<\/td>\n<td width=\"63\">1:08:21<\/td>\n<td width=\"103\">Nerijus Markauskas<\/td>\n<td width=\"63\">1:13:52<\/td>\n<\/tr>\n<tr>\n<td width=\"78\">Half Marathon (Women)<\/td>\n<td width=\"104\">Diana Loba\u010devsk\u0117<\/td>\n<td width=\"63\">1:13:59<\/td>\n<td width=\"97\">Vaida \u017d\u016bsinait\u0117<\/td>\n<td width=\"63\">1:15:51<\/td>\n<td width=\"103\">Monika Vil\u010dinskait\u0117<\/td>\n<td width=\"63\">1:20:45<\/td>\n<\/tr>\n<tr>\n<td rowspan=\"4\" width=\"51\">2012<\/td>\n<td width=\"78\">Marathon (Men)<\/td>\n<td width=\"104\">Tomas Venck\u016bnas<\/td>\n<td width=\"63\">2:26:55<\/td>\n<td width=\"97\">Krzysztof Bartkiewicz<\/td>\n<td width=\"63\">2:31:22<\/td>\n<td width=\"103\">Dzmitry Hryhoryeu<\/td>\n<td width=\"63\">2:33:49<\/td>\n<\/tr>\n<tr>\n<td width=\"78\">Marathon (Women)<\/td>\n<td width=\"104\">Anastasia Bulavintceva<\/td>\n<td width=\"63\">3:06:06<\/td>\n<td width=\"97\">Modesta Kaminskien\u0117<\/td>\n<td width=\"63\">3:15:53<\/td>\n<td width=\"103\">Renata Siliuk<\/td>\n<td width=\"63\">3:16:37<\/td>\n<\/tr>\n<tr>\n<td width=\"78\">Half Marathon (Men)<\/td>\n<td width=\"104\">Remigijus Kan\u010dys<\/td>\n<td width=\"63\">1:10:02<\/td>\n<td width=\"97\">Massimiliano Brigo<\/td>\n<td width=\"63\">1:10:31<\/td>\n<td width=\"103\">Vaidas \u017dlabys<\/td>\n<td width=\"63\">1:15:41<\/td>\n<\/tr>\n<tr>\n<td width=\"78\">Half Marathon (Women)<\/td>\n<td width=\"104\">Diana Loba\u010devsk\u0117<\/td>\n<td width=\"63\">1:15:23<\/td>\n<td width=\"97\">Milda Vil\u010dinskait\u0117<\/td>\n<td width=\"63\">1:22:53<\/td>\n<td width=\"103\">Diana Golek<\/td>\n<td width=\"63\">1:30:38<\/td>\n<\/tr>\n<tr>\n<td rowspan=\"4\" width=\"51\">2011<\/td>\n<td width=\"78\">Marathon (Men)<\/td>\n<td width=\"104\">\u00a0Dzmitry Hryhoryeu<\/td>\n<td width=\"63\">34:40.8<\/td>\n<td width=\"97\">\u00a0Saulius Valaitis<\/td>\n<td width=\"63\">35:09.0<\/td>\n<td width=\"103\">\u00a0Tomas Venck\u016bnas<\/td>\n<td width=\"63\">37:34.3<\/td>\n<\/tr>\n<tr>\n<td width=\"78\">Marathon (Women)<\/td>\n<td width=\"104\">\u00a0Modesta Kaminskien\u0117<\/td>\n<td width=\"63\">07:29.0<\/td>\n<td width=\"97\">\u00a0Sada Buk\u0161nien\u0117<\/td>\n<td width=\"63\">18:12.0<\/td>\n<td width=\"103\">\u00a0Renata Siliuk<\/td>\n<td width=\"63\">20:51.2<\/td>\n<\/tr>\n<tr>\n<td width=\"78\">Half Marathon (Men)<\/td>\n<td width=\"104\">\u00a0Darius Sadeckas<\/td>\n<td width=\"63\">09:34.9<\/td>\n<td width=\"97\">\u00a0Aurimas Skinulis<\/td>\n<td width=\"63\">09:49.7<\/td>\n<td width=\"103\">\u00a0Jonas Vytaustas Gvildys<\/td>\n<td width=\"63\">11:20.3<\/td>\n<\/tr>\n<tr>\n<td width=\"78\">Half Marathon (Women)<\/td>\n<td width=\"104\">\u00a0Gailut\u0117 Keliuotien\u0117<\/td>\n<td width=\"63\">31:25.6<\/td>\n<td width=\"97\">\u00a0Olga Ziuganova<\/td>\n<td width=\"63\">34:06.2<\/td>\n<td width=\"103\">\u00a0Giedr\u0117 Kazlauskait\u0117<\/td>\n<td width=\"63\">34:45.5<\/td>\n<\/tr>\n<tr>\n<td rowspan=\"4\" width=\"51\">2010<\/td>\n<td width=\"78\">Marathon (Men)<\/td>\n<td width=\"104\">\u00a0Tomas Venck\u016bnas<\/td>\n<td width=\"63\">37:27.1<\/td>\n<td width=\"97\">\u00a0Antanas \u017dukauskas<\/td>\n<td width=\"63\">39:21.0<\/td>\n<td width=\"103\">\u00a0Tadas Kavaliauskas<\/td>\n<td width=\"63\">41:24.8<\/td>\n<\/tr>\n<tr>\n<td width=\"78\">Marathon (Women)<\/td>\n<td width=\"104\">\u00a0Modesta Kaminskien\u0117<\/td>\n<td width=\"63\">14:36.0<\/td>\n<td width=\"97\">\u00a0Sada Buk\u0161nien\u0117<\/td>\n<td width=\"63\">30:32.9<\/td>\n<td width=\"103\">\u00a0Ausrine Ward<\/td>\n<td width=\"63\">40:48.6<\/td>\n<\/tr>\n<tr>\n<td width=\"78\">Half Marathon (Men)<\/td>\n<td width=\"104\">\u00a0Aurimas Skinulis<\/td>\n<td width=\"63\">08:28.5<\/td>\n<td width=\"97\">\u00a0Darius Sadeckas<\/td>\n<td width=\"63\">13:20.7<\/td>\n<td width=\"103\">\u00a0Konstantinas Tichonovas<\/td>\n<td width=\"63\">14:55.0<\/td>\n<\/tr>\n<tr>\n<td width=\"78\">Half Marathon (Women)<\/td>\n<td width=\"104\">\u00a0Diana Loba\u010devsk\u0117<\/td>\n<td width=\"63\">14:09.2<\/td>\n<td width=\"97\">\u00a0Monika Vil\u010dinskait\u0117<\/td>\n<td width=\"63\">32:09.6<\/td>\n<td width=\"103\">\u00a0Renata Siliuk<\/td>\n<td width=\"63\">36:04.0<\/td>\n<\/tr>\n<tr>\n<td rowspan=\"4\" width=\"51\">2009<\/td>\n<td width=\"78\">Marathon (Men)<\/td>\n<td width=\"104\">\u00a0Darius \u0160karnulis<\/td>\n<td width=\"63\">2:33:16<\/td>\n<td width=\"97\">\u00a0Tomas Venck\u016bnas<\/td>\n<td width=\"63\">2:36:05<\/td>\n<td width=\"103\">\u00a0Ivar Valtass<\/td>\n<td width=\"63\">2:41:54<\/td>\n<\/tr>\n<tr>\n<td width=\"78\">Marathon (Women)<\/td>\n<td width=\"104\">\u00a0Vilija Dama\u0161ickien\u0117<\/td>\n<td width=\"63\">3:13:53<\/td>\n<td width=\"97\">\u00a0Anna Beattie<\/td>\n<td width=\"63\">3:30:45<\/td>\n<td width=\"103\">\u00a0Karina Onufrijeva<\/td>\n<td width=\"63\">3:31:30<\/td>\n<\/tr>\n<tr>\n<td width=\"78\">Half Marathon (Men)<\/td>\n<td width=\"104\">\u00a0Stsiapan Rahautsou<\/td>\n<td width=\"63\">1:06:11<\/td>\n<td width=\"97\">\u00a0Tomas Matijo\u0161ius<\/td>\n<td width=\"63\">1:08:49<\/td>\n<td width=\"103\">\u00a0Aurimas Skinulis<\/td>\n<td width=\"63\">1:09:57<\/td>\n<\/tr>\n<tr>\n<td width=\"78\">Half Marathon (Women)<\/td>\n<td width=\"104\">\u00a0Diana Loba\u010devsk\u0117<\/td>\n<td width=\"63\">1:17:01<\/td>\n<td width=\"97\">\u00a0Nicole B\u00f6hm<\/td>\n<td width=\"63\">1:26:25<\/td>\n<td width=\"103\">\u00a0Olga Ziuganova<\/td>\n<td width=\"63\">1:32:47<\/td>\n<\/tr>\n<tr>\n<td rowspan=\"4\" width=\"51\">2008<\/td>\n<td width=\"78\">Marathon (Men)<\/td>\n<td width=\"104\">\u00a0K\u0119stutis Jank\u016bnas<\/td>\n<td width=\"63\">2:28:42<\/td>\n<td width=\"97\">\u00a0Marek Dzilgielewski<\/td>\n<td width=\"63\">2:35:28<\/td>\n<td width=\"103\">\u00a0Darius \u0160karnulis<\/td>\n<td width=\"63\">2:37:22<\/td>\n<\/tr>\n<tr>\n<td width=\"78\">Marathon (Women)<\/td>\n<td width=\"104\">\u00a0Diana Loba\u010devsk\u0117<\/td>\n<td width=\"63\">2:45:31<\/td>\n<td width=\"97\">\u00a0Justina Jasutyt\u0117<\/td>\n<td width=\"63\">2:46:45<\/td>\n<td width=\"103\">\u00a0Kaja Vals<\/td>\n<td width=\"63\">3:17:00<\/td>\n<\/tr>\n<tr>\n<td width=\"78\">Half Marathon (Men)<\/td>\n<td width=\"104\">\u00a0Mindaugas Vir\u0161ilas<\/td>\n<td width=\"63\">1:11:26<\/td>\n<td width=\"97\">\u00a0Andrius Ramonas<\/td>\n<td width=\"63\">1:11:41<\/td>\n<td width=\"103\">\u00a0Petras Pranck\u016bnas<\/td>\n<td width=\"63\">1:13:16<\/td>\n<\/tr>\n<tr>\n<td width=\"78\">Half Marathon (Women)<\/td>\n<td width=\"104\">\u00a0\u017divil\u0117 Bal\u010di\u016bnait\u0117<\/td>\n<td width=\"63\">1:14:53<\/td>\n<td width=\"97\">\u00a0Regina \u010cistiakova<\/td>\n<td width=\"63\">1:29:08<\/td>\n<td width=\"103\">\u00a0Renata Siliuk<\/td>\n<td width=\"63\">1:31:39<\/td>\n<\/tr>\n<tr>\n<td rowspan=\"4\" width=\"51\">2007<\/td>\n<td width=\"78\">Marathon (Men)<\/td>\n<td width=\"104\">\u00a0Richard Rotich<\/td>\n<td width=\"63\">2:21:15<\/td>\n<td width=\"97\">\u00a0Reuben Kwambai<\/td>\n<td width=\"63\">2:21:27<\/td>\n<td width=\"103\">\u00a0Pavel Mashei<\/td>\n<td width=\"63\">2:26:25<\/td>\n<\/tr>\n<tr>\n<td width=\"78\">Marathon (Women)<\/td>\n<td width=\"104\">\u00a0Natalija Chatkina<\/td>\n<td width=\"63\">2:51:19<\/td>\n<td width=\"97\">\u00a0Volha Yudzinkova<\/td>\n<td width=\"63\">2:51:29<\/td>\n<td width=\"103\">\u00a0Modesta Kaminskien\u0117<\/td>\n<td width=\"63\">3:06:52<\/td>\n<\/tr>\n<tr>\n<td width=\"78\">Half Marathon (Men)<\/td>\n<td width=\"104\">\u00a0Nerijus Markauskas<\/td>\n<td width=\"63\">1:10:59<\/td>\n<td width=\"97\">\u00a0Mindaugas Vir\u0161ilas<\/td>\n<td width=\"63\">1:11:49<\/td>\n<td width=\"103\">\u00a0K\u0119stutis Jank\u016bnas<\/td>\n<td width=\"63\">1:12:15<\/td>\n<\/tr>\n<tr>\n<td width=\"78\">Half Marathon (Women)<\/td>\n<td width=\"104\">\u00a0Remalda Kergyt\u0117<\/td>\n<td width=\"63\">1:19:13<\/td>\n<td width=\"97\">\u00a0Gailut\u0117 Keliuotien\u0117<\/td>\n<td width=\"63\">1:27:15<\/td>\n<td width=\"103\">\u00a0Regina \u010cistiakova<\/td>\n<td width=\"63\">1:30:26<\/td>\n<\/tr>\n<tr>\n<td rowspan=\"4\" width=\"51\">2006<\/td>\n<td width=\"78\">Marathon (Men)<\/td>\n<td width=\"104\">\u00a0Aleksandr Labuchenko<\/td>\n<td width=\"63\">2:25:17<\/td>\n<td width=\"97\">\u00a0Dainius \u0160au\u010dikovas<\/td>\n<td width=\"63\">2:28:43<\/td>\n<td width=\"103\">\u00a0Tomas Venck\u016bnas<\/td>\n<td width=\"63\">2:32:29<\/td>\n<\/tr>\n<tr>\n<td width=\"78\">Marathon (Women)<\/td>\n<td width=\"104\">\u00a0Modesta Drungilien\u0117<\/td>\n<td width=\"63\">2:55:16<\/td>\n<td width=\"97\">\u00a0Ala Zadorozhnaja<\/td>\n<td width=\"63\">2:58:32<\/td>\n<td width=\"103\">\u00a0Sonata Milu\u0161auskait\u0117<\/td>\n<td width=\"63\">3:02:30<\/td>\n<\/tr>\n<tr>\n<td width=\"78\">Half Marathon (Men)<\/td>\n<td width=\"104\">\u00a0Justinas Kri\u017einauskas<\/td>\n<td width=\"63\">1:13:07<\/td>\n<td width=\"97\">\u00a0Mareks Floroseks<\/td>\n<td width=\"63\">1:14:05<\/td>\n<td width=\"103\">\u00a0Kaspars Bri\u0161ka<\/td>\n<td width=\"63\">1:14:37<\/td>\n<\/tr>\n<tr>\n<td width=\"78\">Half Marathon (Women)<\/td>\n<td width=\"104\">\u00a0Rasa Drazdauskait\u0117<\/td>\n<td width=\"63\">1:21:23<\/td>\n<td width=\"97\">\u00a0Remalda Kergyt\u0117<\/td>\n<td width=\"63\">1:24:23<\/td>\n<td width=\"103\">\u00a0Gailut\u0117 Keliuotien\u0117<\/td>\n<td width=\"63\">1:29:00<\/td>\n<\/tr>\n<tr>\n<td rowspan=\"2\" width=\"51\">2005<\/td>\n<td width=\"78\">Marathon (Men)<\/td>\n<td width=\"104\">\u00a0Aleksandr Labuchenko<\/td>\n<td width=\"63\">2:28:46<\/td>\n<td width=\"97\">\u00a0Tomas Venck\u016bnas<\/td>\n<td width=\"63\">2:30:47<\/td>\n<td width=\"103\">\u00a0Dainius \u0160au\u010dikovas<\/td>\n<td width=\"63\">2:31:43<\/td>\n<\/tr>\n<tr>\n<td width=\"78\">Marathon (Women)<\/td>\n<td width=\"104\">\u00a0Alena Vinitskaja<\/td>\n<td width=\"63\">2:46:59<\/td>\n<td width=\"97\">\u00a0Modesta Drungilien\u0117<\/td>\n<td width=\"63\">3:02:57<\/td>\n<td width=\"103\">\u00a0Ylia Bubenko<\/td>\n<td width=\"63\">3:07:43<\/td>\n<\/tr>\n<tr>\n<td rowspan=\"2\" width=\"51\">2004<\/td>\n<td width=\"78\">Marathon (Men)<\/td>\n<td width=\"104\">\u00a0Dmitrijs Slesarenoks<\/td>\n<td width=\"63\">2:23:35<\/td>\n<td width=\"97\">\u00a0Aleksandr Labuchenko<\/td>\n<td width=\"63\">2:24:02<\/td>\n<td width=\"103\">\u00a0\u010ceslovas Kundrotas<\/td>\n<td width=\"63\">2:34:20<\/td>\n<\/tr>\n<tr>\n<td width=\"78\">Marathon (Women)<\/td>\n<td width=\"104\">\u00a0Kristina Saltanovi\u010d<\/td>\n<td width=\"63\">2:59:10<\/td>\n<td width=\"97\">\u00a0Giedr\u0117 Voverien\u0117<\/td>\n<td width=\"63\">3:08:06<\/td>\n<td width=\"103\">\u00a0Julia Bubenko<\/td>\n<td width=\"63\">3:08:38<\/td>\n<\/tr>\n<\/tbody>\n<\/table>\n<h2><\/h2>\n<p><\/p>","protected":false},"excerpt":{"rendered":"<p>The\u00a0 Vilnius Marathon is an annual city marathon, held in Vilnius, Lithuania. First introduced in 2001 as 10k race it <a class=\"read-more\" href=\"https:\/\/www.vilniausmaratonas.lt\/en\/tarptautinio-vilniaus-maratono-istorija\/\">&#8230;<\/a><\/p>\n","protected":false},"author":30,"featured_media":0,"parent":0,"menu_order":0,"comment_status":"open","ping_status":"open","template":"","meta":{"_themeisle_gutenberg_block_has_review":false,"footnotes":""},"class_list":["post-332","page","type-page","status-publish","hentry"],"_links":{"self":[{"href":"https:\/\/www.vilniausmaratonas.lt\/en\/wp-json\/wp\/v2\/pages\/332","targetHints":{"allow":["GET"]}}],"collection":[{"href":"https:\/\/www.vilniausmaratonas.lt\/en\/wp-json\/wp\/v2\/pages"}],"about":[{"href":"https:\/\/www.vilniausmaratonas.lt\/en\/wp-json\/wp\/v2\/types\/page"}],"author":[{"embeddable":true,"href":"https:\/\/www.vilniausmaratonas.lt\/en\/wp-json\/wp\/v2\/users\/30"}],"replies":[{"embeddable":true,"href":"https:\/\/www.vilniausmaratonas.lt\/en\/wp-json\/wp\/v2\/comments?post=332"}],"version-history":[{"count":59,"href":"https:\/\/www.vilniausmaratonas.lt\/en\/wp-json\/wp\/v2\/pages\/332\/revisions"}],"predecessor-version":[{"id":165245,"href":"https:\/\/www.vilniausmaratonas.lt\/en\/wp-json\/wp\/v2\/pages\/332\/revisions\/165245"}],"wp:attachment":[{"href":"https:\/\/www.vilniausmaratonas.lt\/en\/wp-json\/wp\/v2\/media?parent=332"}],"curies":[{"name":"wp","href":"https:\/\/api.w.org\/{rel}","templated":true}]}}