{"id":339,"date":"2015-07-29T02:35:50","date_gmt":"2015-07-29T04:35:50","guid":{"rendered":"http:\/\/new.vilniausmaratonas.lt\/%c4%afmon%c4%97ms"},"modified":"2026-03-30T11:38:19","modified_gmt":"2026-03-30T08:38:19","slug":"imonems","status":"publish","type":"page","link":"https:\/\/www.vilniausmaratonas.lt\/en\/informacija\/imonems\/","title":{"rendered":"(Lietuvi\u0173) \u012emon\u0117ms"},"content":{"rendered":"<p class=\"qtranxs-available-languages-message qtranxs-available-languages-message-en\">Sorry, this entry is only available in <a href=\"https:\/\/www.vilniausmaratonas.lt\/lt\/wp-json\/wp\/v2\/pages\/339\" class=\"qtranxs-available-language-link qtranxs-available-language-link-lt\" title=\"Lietuvi\u0173\">Lietuvi\u0173<\/a>.<\/p>","protected":false},"excerpt":{"rendered":"<p>Sorry, this entry is only available in Lietuvi\u0173.<\/p>\n","protected":false},"author":30,"featured_media":0,"parent":533,"menu_order":0,"comment_status":"open","ping_status":"open","template":"","meta":{"_themeisle_gutenberg_block_has_review":false,"footnotes":""},"class_list":["post-339","page","type-page","status-publish","hentry"],"_links":{"self":[{"href":"https:\/\/www.vilniausmaratonas.lt\/en\/wp-json\/wp\/v2\/pages\/339","targetHints":{"allow":["GET"]}}],"collection":[{"href":"https:\/\/www.vilniausmaratonas.lt\/en\/wp-json\/wp\/v2\/pages"}],"about":[{"href":"https:\/\/www.vilniausmaratonas.lt\/en\/wp-json\/wp\/v2\/types\/page"}],"author":[{"embeddable":true,"href":"https:\/\/www.vilniausmaratonas.lt\/en\/wp-json\/wp\/v2\/users\/30"}],"replies":[{"embeddable":true,"href":"https:\/\/www.vilniausmaratonas.lt\/en\/wp-json\/wp\/v2\/comments?post=339"}],"version-history":[{"count":0,"href":"https:\/\/www.vilniausmaratonas.lt\/en\/wp-json\/wp\/v2\/pages\/339\/revisions"}],"up":[{"embeddable":true,"href":"https:\/\/www.vilniausmaratonas.lt\/en\/wp-json\/wp\/v2\/pages\/533"}],"wp:attachment":[{"href":"https:\/\/www.vilniausmaratonas.lt\/en\/wp-json\/wp\/v2\/media?parent=339"}],"curies":[{"name":"wp","href":"https:\/\/api.w.org\/{rel}","templated":true}]}}